{"id":3559,"date":"2023-12-21T16:01:46","date_gmt":"2023-12-21T15:01:46","guid":{"rendered":"https:\/\/amttransfert.fr\/site-map"},"modified":"2024-01-29T18:37:06","modified_gmt":"2024-01-29T17:37:06","slug":"site-map","status":"publish","type":"page","link":"https:\/\/smartarchives.fr\/en\/site-map","title":{"rendered":"Site map"},"content":{"rendered":"<div class=\"wpb-content-wrapper\"><p>[vc_row][vc_column][vc_column_text]<div class=\"wsp-container\"><h2 class=\"wsp-pages-title\">Pages<\/h2>\n<ul class=\"wsp-pages-list\">\n<li class=\"page_item page-item-4745\"><a href=\"https:\/\/smartarchives.fr\/en\/news\">Articles<\/a><\/li>\n<li class=\"page_item page-item-3554 page_item_has_children\"><a href=\"https:\/\/smartarchives.fr\/en\/contact\">Contact<\/a>\n<ul class='children'>\n\t<li class=\"page_item page-item-3369\"><a href=\"https:\/\/smartarchives.fr\/en\/contact\/join-us\">Join us!<\/a><\/li>\n<\/ul>\n<\/li>\n<li class=\"page_item page-item-3389\"><a href=\"https:\/\/smartarchives.fr\/en\/cookie-policy\">Cookie policy<\/a><\/li>\n<li class=\"page_item page-item-3802\"><a href=\"https:\/\/smartarchives.fr\/en\/download-our-csr-charter\">Download our CSR charter<\/a><\/li>\n<li class=\"page_item page-item-3469\"><a href=\"https:\/\/smartarchives.fr\/en\/faq\">FAQ<\/a><\/li>\n<li class=\"page_item page-item-3410\"><a href=\"https:\/\/smartarchives.fr\/en\/free-quotation\">Free quotation<\/a><\/li>\n<li class=\"page_item page-item-3365\"><a href=\"https:\/\/smartarchives.fr\/en\">Home<\/a><\/li>\n<li class=\"page_item page-item-4442 page_item_has_children\"><a href=\"https:\/\/smartarchives.fr\/en\/offers\">Offers<\/a>\n<ul class='children'>\n\t<li class=\"page_item page-item-4547 page_item_has_children\"><a href=\"https:\/\/smartarchives.fr\/en\/offers\/sector\">By Sector<\/a>\n\t<ul class='children'>\n\t\t<li class=\"page_item page-item-4567\"><a href=\"https:\/\/smartarchives.fr\/en\/offers\/sector\/energy\">Energy Sector Offer<\/a><\/li>\n\t\t<li class=\"page_item page-item-4605\"><a href=\"https:\/\/smartarchives.fr\/en\/offers\/sector\/finance\">Finance Sector Offer<\/a><\/li>\n\t\t<li class=\"page_item page-item-4597\"><a href=\"https:\/\/smartarchives.fr\/en\/offers\/sector\/insurance\">Insurance offer<\/a><\/li>\n\t\t<li class=\"page_item page-item-4613\"><a href=\"https:\/\/smartarchives.fr\/en\/offers\/sector\/audiovisual\">Offer Audiovisual Sector<\/a><\/li>\n\t\t<li class=\"page_item page-item-4621\"><a href=\"https:\/\/smartarchives.fr\/en\/offers\/sector\/retail\">Offer Retail sector<\/a><\/li>\n\t\t<li class=\"page_item page-item-4579\"><a href=\"https:\/\/smartarchives.fr\/en\/offers\/sector\/sme\">SME Offer<\/a><\/li>\n\t<\/ul>\n<\/li>\n\t<li class=\"page_item page-item-4458 page_item_has_children\"><a href=\"https:\/\/smartarchives.fr\/en\/offers\/trade\">By trade<\/a>\n\t<ul class='children'>\n\t\t<li class=\"page_item page-item-4529\"><a href=\"https:\/\/smartarchives.fr\/en\/offers\/trade\/accounting\">Accounting offer<\/a><\/li>\n\t\t<li class=\"page_item page-item-4500\"><a href=\"https:\/\/smartarchives.fr\/en\/offers\/trade\/bailiffs\">Bailiffs offer<\/a><\/li>\n\t\t<li class=\"page_item page-item-4454\"><a href=\"https:\/\/smartarchives.fr\/en\/offers\/trade\/condominium\">Condominium offer<\/a><\/li>\n\t\t<li class=\"page_item page-item-4518\"><a href=\"https:\/\/smartarchives.fr\/en\/offers\/trade\/hr\">HR Offer<\/a><\/li>\n\t\t<li class=\"page_item page-item-4483\"><a href=\"https:\/\/smartarchives.fr\/en\/offers\/trade\/notaries\">Notaries&#8217; offer<\/a><\/li>\n\t\t<li class=\"page_item page-item-4474\"><a href=\"https:\/\/smartarchives.fr\/en\/offers\/trade\/lawyers\">Offer Lawyers<\/a><\/li>\n\t\t<li class=\"page_item page-item-4538\"><a href=\"https:\/\/smartarchives.fr\/en\/offers\/trade\/sales-administration\">Offer Sales administration<\/a><\/li>\n\t\t<li class=\"page_item page-item-4508\"><a href=\"https:\/\/smartarchives.fr\/en\/offers\/trade\/property-manager\">Property Manager offer<\/a><\/li>\n\t<\/ul>\n<\/li>\n<\/ul>\n<\/li>\n<li class=\"page_item page-item-4704 page_item_has_children\"><a href=\"https:\/\/smartarchives.fr\/en\/office-moving-2\">Our locations<\/a>\n<ul class='children'>\n\t<li class=\"page_item page-item-4708\"><a href=\"https:\/\/smartarchives.fr\/en\/office-moving-2\/ile-de-france\">IDF Nord Storage Platform<\/a><\/li>\n\t<li class=\"page_item page-item-4732\"><a href=\"https:\/\/smartarchives.fr\/en\/office-moving-2\/paca\">PACA II storage platform<\/a><\/li>\n<\/ul>\n<\/li>\n<li class=\"page_item page-item-3411\"><a href=\"https:\/\/smartarchives.fr\/en\/privacy-policy\">Privacy Policy<\/a><\/li>\n<li class=\"page_item page-item-3833\"><a href=\"https:\/\/smartarchives.fr\/en\/contact-2\">Schedule a call<\/a><\/li>\n<li class=\"page_item page-item-3362 page_item_has_children\"><a href=\"https:\/\/smartarchives.fr\/en\/services\">Services<\/a>\n<ul class='children'>\n\t<li class=\"page_item page-item-4110 page_item_has_children\"><a href=\"https:\/\/smartarchives.fr\/en\/services\/archiving-consulting\">Archiving consulting<\/a>\n\t<ul class='children'>\n\t\t<li class=\"page_item page-item-4114\"><a href=\"https:\/\/smartarchives.fr\/en\/services\/archiving-consulting\/archival-audit-mapping\">Archival audit and archive mapping<\/a><\/li>\n\t\t<li class=\"page_item page-item-4124\"><a href=\"https:\/\/smartarchives.fr\/en\/services\/archiving-consulting\/training-support\">Training and support<\/a><\/li>\n\t<\/ul>\n<\/li>\n\t<li class=\"page_item page-item-3949 page_item_has_children\"><a href=\"https:\/\/smartarchives.fr\/en\/services\/physical-archiving\">Physical archiving<\/a>\n\t<ul class='children'>\n\t\t<li class=\"page_item page-item-3990\"><a href=\"https:\/\/smartarchives.fr\/en\/services\/physical-archiving\/dynamic-archive-management\">Dynamic archive management<\/a><\/li>\n\t\t<li class=\"page_item page-item-3954\"><a href=\"https:\/\/smartarchives.fr\/en\/services\/physical-archiving\/inventory\">Inventory<\/a><\/li>\n\t\t<li class=\"page_item page-item-3984\"><a href=\"https:\/\/smartarchives.fr\/en\/services\/physical-archiving\/physical-preservation\">Physical preservation<\/a><\/li>\n\t<\/ul>\n<\/li>\n\t<li class=\"page_item page-item-4012 page_item_has_children\"><a href=\"https:\/\/smartarchives.fr\/en\/services\/scanning\">Scanning<\/a>\n\t<ul class='children'>\n\t\t<li class=\"page_item page-item-4083\"><a href=\"https:\/\/smartarchives.fr\/en\/services\/scanning\/complete-archive-management-service\">Complete archive management service<\/a><\/li>\n\t\t<li class=\"page_item page-item-4017\"><a href=\"https:\/\/smartarchives.fr\/en\/services\/scanning\/document-dematerialization\">Document dematerialization<\/a><\/li>\n\t\t<li class=\"page_item page-item-4094\"><a href=\"https:\/\/smartarchives.fr\/en\/services\/scanning\/it-development-api-management\">IT development and API management<\/a><\/li>\n\t<\/ul>\n<\/li>\n\t<li class=\"page_item page-item-4135 page_item_has_children\"><a href=\"https:\/\/smartarchives.fr\/en\/services\/secure-destruction\">Secure destruction<\/a>\n\t<ul class='children'>\n\t\t<li class=\"page_item page-item-4152\"><a href=\"https:\/\/smartarchives.fr\/en\/services\/secure-destruction\/digital-media-destruction\">Destruction of digital media<\/a><\/li>\n\t\t<li class=\"page_item page-item-4139\"><a href=\"https:\/\/smartarchives.fr\/en\/services\/secure-destruction\/documents-destruction\">Destruction of paper documents<\/a><\/li>\n\t<\/ul>\n<\/li>\n\t<li class=\"page_item page-item-4167 page_item_has_children\"><a href=\"https:\/\/smartarchives.fr\/en\/services\/transport\">Transport<\/a>\n\t<ul class='children'>\n\t\t<li class=\"page_item page-item-4175\"><a href=\"https:\/\/smartarchives.fr\/en\/services\/transport\/archives-transfer\">Transfer and transport of archives<\/a><\/li>\n\t<\/ul>\n<\/li>\n<\/ul>\n<\/li>\n<li class=\"page_item page-item-3559\"><a href=\"https:\/\/smartarchives.fr\/en\/site-map\">Site map<\/a><\/li>\n<li class=\"page_item page-item-4186 page_item_has_children\"><a href=\"https:\/\/smartarchives.fr\/en\/solutions\">Solutions<\/a>\n<ul class='children'>\n\t<li class=\"page_item page-item-4217 page_item_has_children\"><a href=\"https:\/\/smartarchives.fr\/en\/solutions\/classify\">Classify<\/a>\n\t<ul class='children'>\n\t\t<li class=\"page_item page-item-4221\"><a href=\"https:\/\/smartarchives.fr\/en\/solutions\/classify\/indexation\">Indexation<\/a><\/li>\n\t\t<li class=\"page_item page-item-4236\"><a href=\"https:\/\/smartarchives.fr\/en\/solutions\/classify\/ua-dematerialization-plan\">UA dematerialization plan<\/a><\/li>\n\t<\/ul>\n<\/li>\n\t<li class=\"page_item page-item-4397 page_item_has_children\"><a href=\"https:\/\/smartarchives.fr\/en\/solutions\/destruction\">Destruction<\/a>\n\t<ul class='children'>\n\t\t<li class=\"page_item page-item-4406\"><a href=\"https:\/\/smartarchives.fr\/en\/solutions\/destruction\/digital-media-destruction\">Destruction of digital media<\/a><\/li>\n\t\t<li class=\"page_item page-item-4401\"><a href=\"https:\/\/smartarchives.fr\/en\/solutions\/destruction\/physical-aus-destruction\">Destruction of physical AUs<\/a><\/li>\n\t<\/ul>\n<\/li>\n\t<li class=\"page_item page-item-4325 page_item_has_children\"><a href=\"https:\/\/smartarchives.fr\/en\/solutions\/extract\">Extract<\/a>\n\t<ul class='children'>\n\t\t<li class=\"page_item page-item-4331\"><a href=\"https:\/\/smartarchives.fr\/en\/solutions\/extract\/ua-extraction\">UA extraction<\/a><\/li>\n\t<\/ul>\n<\/li>\n\t<li class=\"page_item page-item-4350 page_item_has_children\"><a href=\"https:\/\/smartarchives.fr\/en\/solutions\/file-transfer\">File transfer<\/a>\n\t<ul class='children'>\n\t\t<li class=\"page_item page-item-4356\"><a href=\"https:\/\/smartarchives.fr\/en\/solutions\/file-transfer\/secure-file-transfer\">Secure file transfer<\/a><\/li>\n\t<\/ul>\n<\/li>\n\t<li class=\"page_item page-item-4248 page_item_has_children\"><a href=\"https:\/\/smartarchives.fr\/en\/solutions\/inventory\">Inventory<\/a>\n\t<ul class='children'>\n\t\t<li class=\"page_item page-item-4267\"><a href=\"https:\/\/smartarchives.fr\/en\/solutions\/inventory\/archive-inventory\">Archive inventory<\/a><\/li>\n\t\t<li class=\"page_item page-item-4244\"><a href=\"https:\/\/smartarchives.fr\/en\/solutions\/inventory\/inventory-audit\">Inventory audit<\/a><\/li>\n\t<\/ul>\n<\/li>\n\t<li class=\"page_item page-item-4278 page_item_has_children\"><a href=\"https:\/\/smartarchives.fr\/en\/solutions\/keep\">Keep<\/a>\n\t<ul class='children'>\n\t\t<li class=\"page_item page-item-4294\"><a href=\"https:\/\/smartarchives.fr\/en\/solutions\/keep\/legal-retention-period\">Legal retention period<\/a><\/li>\n\t\t<li class=\"page_item page-item-4284\"><a href=\"https:\/\/smartarchives.fr\/en\/solutions\/keep\/long-term-preservation\">Long-term preservation<\/a><\/li>\n\t<\/ul>\n<\/li>\n\t<li class=\"page_item page-item-4339 page_item_has_children\"><a href=\"https:\/\/smartarchives.fr\/en\/solutions\/reinsert\">Reinsert<\/a>\n\t<ul class='children'>\n\t\t<li class=\"page_item page-item-4343\"><a href=\"https:\/\/smartarchives.fr\/en\/solutions\/reinsert\/ua-reinsertion\">Reinsertion of UA<\/a><\/li>\n\t<\/ul>\n<\/li>\n\t<li class=\"page_item page-item-4367 page_item_has_children\"><a href=\"https:\/\/smartarchives.fr\/en\/solutions\/rgpd-compliance\">RGPD Compliance<\/a>\n\t<ul class='children'>\n\t\t<li class=\"page_item page-item-4387\"><a href=\"https:\/\/smartarchives.fr\/en\/solutions\/rgpd-compliance\/compliance\">Compliance<\/a><\/li>\n\t\t<li class=\"page_item page-item-4381\"><a href=\"https:\/\/smartarchives.fr\/en\/solutions\/rgpd-compliance\/rgpd-compliance-audit\">RGPD compliance audit<\/a><\/li>\n\t<\/ul>\n<\/li>\n\t<li class=\"page_item page-item-4190 page_item_has_children\"><a href=\"https:\/\/smartarchives.fr\/en\/solutions\/secure\">Secure<\/a>\n\t<ul class='children'>\n\t\t<li class=\"page_item page-item-4206\"><a href=\"https:\/\/smartarchives.fr\/en\/solutions\/secure\/securing-data\">Securing data<\/a><\/li>\n\t\t<li class=\"page_item page-item-4194\"><a href=\"https:\/\/smartarchives.fr\/en\/solutions\/secure\/securing-physical-archives\">Securing physical archives<\/a><\/li>\n\t<\/ul>\n<\/li>\n\t<li class=\"page_item page-item-4415 page_item_has_children\"><a href=\"https:\/\/smartarchives.fr\/en\/solutions\/store\">Store<\/a>\n\t<ul class='children'>\n\t\t<li class=\"page_item page-item-4421\"><a href=\"https:\/\/smartarchives.fr\/en\/solutions\/store\/storage\">Storage<\/a><\/li>\n\t<\/ul>\n<\/li>\n\t<li class=\"page_item page-item-4302 page_item_has_children\"><a href=\"https:\/\/smartarchives.fr\/en\/solutions\/visit\">Visit<\/a>\n\t<ul class='children'>\n\t\t<li class=\"page_item page-item-4308\"><a href=\"https:\/\/smartarchives.fr\/en\/solutions\/visit\/online-access-documents\">Online access to documents<\/a><\/li>\n\t\t<li class=\"page_item page-item-4316\"><a href=\"https:\/\/smartarchives.fr\/en\/solutions\/visit\/secure-consultation\">Secure consultation<\/a><\/li>\n\t<\/ul>\n<\/li>\n<\/ul>\n<\/li>\n<li class=\"page_item page-item-3372\"><a href=\"https:\/\/smartarchives.fr\/en\/terms-conditions\">Terms &amp; Conditions<\/a><\/li>\n<li class=\"page_item page-item-3439\"><a href=\"https:\/\/smartarchives.fr\/en\/terms-and-conditions-of-use\">Terms and conditions of use<\/a><\/li>\n<li class=\"page_item page-item-3480\"><a href=\"https:\/\/smartarchives.fr\/en\/terms-of-use\">Terms of use<\/a><\/li>\n<li class=\"page_item page-item-4636 page_item_has_children\"><a href=\"https:\/\/smartarchives.fr\/en\/about-us\">Who we are<\/a>\n<ul class='children'>\n\t<li class=\"page_item page-item-4640\"><a href=\"https:\/\/smartarchives.fr\/en\/about-us\/about-us\">About us<\/a><\/li>\n\t<li class=\"page_item page-item-3502\"><a href=\"https:\/\/smartarchives.fr\/en\/about-us\/csr-commitments\">Our CSR commitments<\/a><\/li>\n\t<li class=\"page_item page-item-3472\"><a href=\"https:\/\/smartarchives.fr\/en\/about-us\/values\">Our values<\/a><\/li>\n<\/ul>\n<\/li>\n<\/ul>\n<h2 class=\"wsp-posts-title\">Posts by category<\/h2>\n<ul class=\"wsp-posts-list\">\n\t<li><strong class=\"wsp-category-title\">Category: <a href=\"https:\/\/smartarchives.fr\/en\/category\/non-classifiee\">Non classifi\u00e9(e)<\/a><\/strong>\n<ul class=\"wsp-posts-list\">\t\t<li class=\"wsp-post\"><a href=\"https:\/\/smartarchives.fr\/astuces-pour-une-numerisation-efficace\">Transformez Vos Archives : Astuces Pratiques pour une Num\u00e9risation Efficace et Accessible<\/a><\/li>\n\t\t<li class=\"wsp-post\"><a href=\"https:\/\/smartarchives.fr\/en\/transform-your-archives-practical-tips-for-efficient-and-accessible-digitization\">Transform Your Archives: Practical Tips for Efficient and Accessible Digitization<\/a><\/li>\n\t\t<li class=\"wsp-post\"><a href=\"https:\/\/smartarchives.fr\/securisez-vos-archives-bonnes-pratiques-pour-une-conservation-longue-duree\">S\u00e9curisez vos archives : bonnes pratiques pour une conservation longue dur\u00e9e<\/a><\/li>\n\t\t<li class=\"wsp-post\"><a href=\"https:\/\/smartarchives.fr\/securisation-des-archives-physiques-garantir-la-protection-de-vos-documents-sensibles\">S\u00e9curisation des archives physiques : garantir la protection de vos documents sensibles<\/a><\/li>\n\t\t<li class=\"wsp-post\"><a href=\"https:\/\/smartarchives.fr\/en\/make-your-digital-transition-a-success-2\">Secure your archives: best practices for long-term preservation<\/a><\/li>\n\t\t<li class=\"wsp-post\"><a href=\"https:\/\/smartarchives.fr\/reussissez-votre-transition-numerique\">R\u00e9ussissez votre Transition Num\u00e9rique<\/a><\/li>\n\t\t<li class=\"wsp-post\"><a href=\"https:\/\/smartarchives.fr\/en\/regulatory-compliance-for-archives-practical-tips-for-condominium-associations\">Regulatory Compliance for Archives: Practical Tips for Condominium Associations<\/a><\/li>\n\t\t<li class=\"wsp-post\"><a href=\"https:\/\/smartarchives.fr\/importance-dun-archivage-securise\">Pr\u00e9servez et Prot\u00e9gez : L&#8217;Importance d&#8217;un Archivage S\u00e9curis\u00e9<\/a><\/li>\n\t\t<li class=\"wsp-post\"><a href=\"https:\/\/smartarchives.fr\/en\/preserve-and-protect-the-importance-of-secure-archiving\">Preserve and Protect: The Importance of Secure Archiving<\/a><\/li>\n\t\t<li class=\"wsp-post\"><a href=\"https:\/\/smartarchives.fr\/en\/physical-archive-security-guaranteeing-the-protection-of-your-sensitive-documents\">Physical archive security: guaranteeing the protection of your sensitive documents<\/a><\/li>\n\t\t<li class=\"wsp-post\"><a href=\"https:\/\/smartarchives.fr\/en\/paper-document-destruction-how-to-ensure-confidentiality-and-compliance\">Paper document destruction: how to ensure confidentiality and compliance?<\/a><\/li>\n\t\t<li class=\"wsp-post\"><a href=\"https:\/\/smartarchives.fr\/en\/optimize-your-archive-management-why-adopt-dynamic-archiving\">Optimize your archive management: why adopt dynamic archiving?<\/a><\/li>\n\t\t<li class=\"wsp-post\"><a href=\"https:\/\/smartarchives.fr\/optimisez-la-gestion-de-vos-archives-pourquoi-adopter-un-archivage-dynamique\">Optimisez la gestion de vos archives : pourquoi adopter un archivage dynamique ?<\/a><\/li>\n\t\t<li class=\"wsp-post\"><a href=\"https:\/\/smartarchives.fr\/numerisez-vos-archives-astuces-pratiques\">Num\u00e9risez Vos Archives : Astuces Pratiques<\/a><\/li>\n\t\t<li class=\"wsp-post\"><a href=\"https:\/\/smartarchives.fr\/numerisation-des-documents-5-etapes-cles-pour-une-transition-reussie\">Num\u00e9risation des documents : 5 \u00e9tapes cl\u00e9s pour une transition r\u00e9ussie<\/a><\/li>\n\t\t<li class=\"wsp-post\"><a href=\"https:\/\/smartarchives.fr\/en\/make-your-digital-transition-a-success\">Make your Digital Transition a success<\/a><\/li>\n\t\t<li class=\"wsp-post\"><a href=\"https:\/\/smartarchives.fr\/maitrisez-vos-couts-en-copropriete-astuces-pour-optimiser-la-gestion-documentaire\">Ma\u00eetrisez Vos Co\u00fbts en Copropri\u00e9t\u00e9 : Astuces pour Optimiser la Gestion Documentaire<\/a><\/li>\n\t\t<li class=\"wsp-post\"><a href=\"https:\/\/smartarchives.fr\/astuces-pour-un-archivage-physique-sans-encombrement\">Lib\u00e9rez de l&#8217;Espace : Astuces Pratiques pour un Archivage Physique Sans Encombrement<\/a><\/li>\n\t\t<li class=\"wsp-post\"><a href=\"https:\/\/smartarchives.fr\/inventaire-des-archives-un-levier-strategique-pour-mieux-piloter-votre-patrimoine-documentaire\">Inventaire des archives : un levier strat\u00e9gique pour mieux piloter votre patrimoine documentaire<\/a><\/li>\n\t\t<li class=\"wsp-post\"><a href=\"https:\/\/smartarchives.fr\/en\/how-can-you-optimize-the-long-term-preservation-of-your-archives-while-complying-with-legal-standards\">How can you optimize the long-term preservation of your archives while complying with legal standards?<\/a><\/li>\n\t\t<li class=\"wsp-post\"><a href=\"https:\/\/smartarchives.fr\/en\/free-up-space-practical-tips-for-clutter-free-physical-archiving\">Free Up Space: Practical Tips for Clutter-Free Physical Archiving<\/a><\/li>\n\t\t<li class=\"wsp-post\"><a href=\"https:\/\/smartarchives.fr\/en\/document-digitization-5-key-steps-to-a-successful-transition\">Document digitization: 5 key steps to a successful transition<\/a><\/li>\n\t\t<li class=\"wsp-post\"><a href=\"https:\/\/smartarchives.fr\/en\/digitize-your-archives-practical-tips\">Digitize Your Archives: Practical Tips<\/a><\/li>\n\t\t<li class=\"wsp-post\"><a href=\"https:\/\/smartarchives.fr\/destruction-des-documents-papier-comment-garantir-la-confidentialite-et-la-conformite\">Destruction des documents papier : comment garantir la confidentialit\u00e9 et la conformit\u00e9 ?<\/a><\/li>\n\t\t<li class=\"wsp-post\"><a href=\"https:\/\/smartarchives.fr\/en\/control-your-condominium-costs-tips-for-optimizing-document-management\">Control Your Condominium Costs: Tips for Optimizing Document Management<\/a><\/li>\n\t\t<li class=\"wsp-post\"><a href=\"https:\/\/smartarchives.fr\/conformite-reglementaire-des-archives-conseils-pratiques-pour-les-syndicats-de-copropriete\">Conformit\u00e9 R\u00e9glementaire des Archives : Conseils Pratiques pour les Syndicats de Copropri\u00e9t\u00e9<\/a><\/li>\n\t\t<li class=\"wsp-post\"><a href=\"https:\/\/smartarchives.fr\/comment-optimiser-la-conservation-de-vos-archives-a-long-terme-tout-en-respectant-les-normes-legales\">Comment optimiser la conservation de vos archives \u00e0 long terme tout en respectant les normes l\u00e9gales ?<\/a><\/li>\n\t\t<li class=\"wsp-post\"><a href=\"https:\/\/smartarchives.fr\/en\/archiving-develop-the-right-reflexes-for-efficient-document-management\">Archiving: develop the right reflexes for efficient document management<\/a><\/li>\n\t\t<li class=\"wsp-post\"><a href=\"https:\/\/smartarchives.fr\/en\/archive-inventory-a-strategic-lever-for-better-management-of-your-documentary-heritage\">Archive inventory: a strategic lever for better management of your documentary heritage<\/a><\/li>\n\t\t<li class=\"wsp-post\"><a href=\"https:\/\/smartarchives.fr\/archivage-developpez-les-bons-reflexes-pour-une-gestion-documentaire-efficace\">Archivage : d\u00e9veloppez les bons r\u00e9flexes pour une gestion documentaire efficace<\/a><\/li>\n<\/ul><\/li>\n<\/ul>\n<\/div>[\/vc_column_text][\/vc_column][\/vc_row]<\/p>\n<\/div>","protected":false},"excerpt":{"rendered":"<p>[vc_row][vc_column][vc_column_text][\/vc_column_text][\/vc_column][\/vc_row]<\/p>\n","protected":false},"author":1,"featured_media":0,"parent":0,"menu_order":0,"comment_status":"closed","ping_status":"closed","template":"","meta":{"_acf_changed":false,"ngg_post_thumbnail":0,"footnotes":""},"industrie":[],"class_list":["post-3559","page","type-page","status-publish"],"acf":[],"yoast_head":"<!-- This site is optimized with the Yoast SEO plugin v27.4 - https:\/\/yoast.com\/product\/yoast-seo-wordpress\/ -->\n<title>Site map - Smart archives<\/title>\n<meta name=\"robots\" content=\"index, follow, max-snippet:-1, max-image-preview:large, max-video-preview:-1\" \/>\n<link rel=\"canonical\" href=\"https:\/\/smartarchives.fr\/en\/site-map\" \/>\n<meta property=\"og:locale\" content=\"en_US\" \/>\n<meta property=\"og:type\" content=\"article\" \/>\n<meta property=\"og:title\" content=\"Site map - Smart archives\" \/>\n<meta property=\"og:description\" content=\"[vc_row][vc_column][vc_column_text][\/vc_column_text][\/vc_column][\/vc_row]\" \/>\n<meta property=\"og:url\" content=\"https:\/\/smartarchives.fr\/en\/site-map\" \/>\n<meta property=\"og:site_name\" content=\"Smart archives\" \/>\n<meta property=\"article:modified_time\" content=\"2024-01-29T17:37:06+00:00\" \/>\n<meta property=\"og:image\" content=\"https:\/\/smartarchives.fr\/wp-content\/uploads\/2025\/01\/2.png\" \/>\n\t<meta property=\"og:image:width\" content=\"1200\" \/>\n\t<meta property=\"og:image:height\" content=\"630\" \/>\n\t<meta property=\"og:image:type\" content=\"image\/png\" \/>\n<meta name=\"twitter:card\" content=\"summary_large_image\" \/>\n<script type=\"application\/ld+json\" class=\"yoast-schema-graph\">{\"@context\":\"https:\\\/\\\/schema.org\",\"@graph\":[{\"@type\":\"WebPage\",\"@id\":\"https:\\\/\\\/smartarchives.fr\\\/en\\\/site-map\",\"url\":\"https:\\\/\\\/smartarchives.fr\\\/en\\\/site-map\",\"name\":\"Site map - Smart archives\",\"isPartOf\":{\"@id\":\"https:\\\/\\\/smartarchives.fr\\\/en#website\"},\"datePublished\":\"2023-12-21T15:01:46+00:00\",\"dateModified\":\"2024-01-29T17:37:06+00:00\",\"breadcrumb\":{\"@id\":\"https:\\\/\\\/smartarchives.fr\\\/en\\\/site-map#breadcrumb\"},\"inLanguage\":\"en-US\",\"potentialAction\":[{\"@type\":\"ReadAction\",\"target\":[\"https:\\\/\\\/smartarchives.fr\\\/en\\\/site-map\"]}]},{\"@type\":\"BreadcrumbList\",\"@id\":\"https:\\\/\\\/smartarchives.fr\\\/en\\\/site-map#breadcrumb\",\"itemListElement\":[{\"@type\":\"ListItem\",\"position\":1,\"name\":\"Accueil\",\"item\":\"https:\\\/\\\/smartarchives.fr\\\/en\"},{\"@type\":\"ListItem\",\"position\":2,\"name\":\"Site map\"}]},{\"@type\":\"WebSite\",\"@id\":\"https:\\\/\\\/smartarchives.fr\\\/en#website\",\"url\":\"https:\\\/\\\/smartarchives.fr\\\/en\",\"name\":\"Smart archives\",\"description\":\"\",\"potentialAction\":[{\"@type\":\"SearchAction\",\"target\":{\"@type\":\"EntryPoint\",\"urlTemplate\":\"https:\\\/\\\/smartarchives.fr\\\/en?s={search_term_string}\"},\"query-input\":{\"@type\":\"PropertyValueSpecification\",\"valueRequired\":true,\"valueName\":\"search_term_string\"}}],\"inLanguage\":\"en-US\"}]}<\/script>\n<!-- \/ Yoast SEO plugin. -->","yoast_head_json":{"title":"Site map - Smart archives","robots":{"index":"index","follow":"follow","max-snippet":"max-snippet:-1","max-image-preview":"max-image-preview:large","max-video-preview":"max-video-preview:-1"},"canonical":"https:\/\/smartarchives.fr\/en\/site-map","og_locale":"en_US","og_type":"article","og_title":"Site map - Smart archives","og_description":"[vc_row][vc_column][vc_column_text][\/vc_column_text][\/vc_column][\/vc_row]","og_url":"https:\/\/smartarchives.fr\/en\/site-map","og_site_name":"Smart archives","article_modified_time":"2024-01-29T17:37:06+00:00","og_image":[{"width":1200,"height":630,"url":"https:\/\/smartarchives.fr\/wp-content\/uploads\/2025\/01\/2.png","type":"image\/png"}],"twitter_card":"summary_large_image","schema":{"@context":"https:\/\/schema.org","@graph":[{"@type":"WebPage","@id":"https:\/\/smartarchives.fr\/en\/site-map","url":"https:\/\/smartarchives.fr\/en\/site-map","name":"Site map - Smart archives","isPartOf":{"@id":"https:\/\/smartarchives.fr\/en#website"},"datePublished":"2023-12-21T15:01:46+00:00","dateModified":"2024-01-29T17:37:06+00:00","breadcrumb":{"@id":"https:\/\/smartarchives.fr\/en\/site-map#breadcrumb"},"inLanguage":"en-US","potentialAction":[{"@type":"ReadAction","target":["https:\/\/smartarchives.fr\/en\/site-map"]}]},{"@type":"BreadcrumbList","@id":"https:\/\/smartarchives.fr\/en\/site-map#breadcrumb","itemListElement":[{"@type":"ListItem","position":1,"name":"Accueil","item":"https:\/\/smartarchives.fr\/en"},{"@type":"ListItem","position":2,"name":"Site map"}]},{"@type":"WebSite","@id":"https:\/\/smartarchives.fr\/en#website","url":"https:\/\/smartarchives.fr\/en","name":"Smart archives","description":"","potentialAction":[{"@type":"SearchAction","target":{"@type":"EntryPoint","urlTemplate":"https:\/\/smartarchives.fr\/en?s={search_term_string}"},"query-input":{"@type":"PropertyValueSpecification","valueRequired":true,"valueName":"search_term_string"}}],"inLanguage":"en-US"}]}},"_links":{"self":[{"href":"https:\/\/smartarchives.fr\/en\/wp-json\/wp\/v2\/pages\/3559","targetHints":{"allow":["GET"]}}],"collection":[{"href":"https:\/\/smartarchives.fr\/en\/wp-json\/wp\/v2\/pages"}],"about":[{"href":"https:\/\/smartarchives.fr\/en\/wp-json\/wp\/v2\/types\/page"}],"author":[{"embeddable":true,"href":"https:\/\/smartarchives.fr\/en\/wp-json\/wp\/v2\/users\/1"}],"replies":[{"embeddable":true,"href":"https:\/\/smartarchives.fr\/en\/wp-json\/wp\/v2\/comments?post=3559"}],"version-history":[{"count":1,"href":"https:\/\/smartarchives.fr\/en\/wp-json\/wp\/v2\/pages\/3559\/revisions"}],"predecessor-version":[{"id":3564,"href":"https:\/\/smartarchives.fr\/en\/wp-json\/wp\/v2\/pages\/3559\/revisions\/3564"}],"wp:attachment":[{"href":"https:\/\/smartarchives.fr\/en\/wp-json\/wp\/v2\/media?parent=3559"}],"wp:term":[{"taxonomy":"industrie","embeddable":true,"href":"https:\/\/smartarchives.fr\/en\/wp-json\/wp\/v2\/industrie?post=3559"}],"curies":[{"name":"wp","href":"https:\/\/api.w.org\/{rel}","templated":true}]}}